{"id":55247,"date":"2023-04-23T20:52:42","date_gmt":"2023-04-23T19:52:42","guid":{"rendered":"https:\/\/cavalloisland.com\/favoris\/"},"modified":"2023-04-28T11:40:58","modified_gmt":"2023-04-28T10:40:58","slug":"favoris","status":"publish","type":"page","link":"https:\/\/cavalloisland.com\/fr\/favoris\/","title":{"rendered":"Favoris"},"content":{"rendered":"\t\t<div data-elementor-type=\"wp-page\" data-elementor-id=\"55247\" class=\"elementor elementor-55247 elementor-55155\" data-elementor-post-type=\"page\">\n\t\t\t\t\t\t<section class=\"elementor-section elementor-top-section elementor-element elementor-element-449c36e elementor-section-boxed elementor-section-height-default elementor-section-height-default\" data-id=\"449c36e\" data-element_type=\"section\" data-e-type=\"section\">\n\t\t\t\t\t\t<div class=\"elementor-container elementor-column-gap-default\">\n\t\t\t\t\t<div class=\"elementor-column elementor-col-100 elementor-top-column elementor-element elementor-element-22de967\" data-id=\"22de967\" data-element_type=\"column\" data-e-type=\"column\">\n\t\t\t<div class=\"elementor-widget-wrap elementor-element-populated\">\n\t\t\t\t\t\t<div class=\"elementor-element elementor-element-101ec29 elementor-widget elementor-widget-heading\" data-id=\"101ec29\" data-element_type=\"widget\" data-e-type=\"widget\" data-widget_type=\"heading.default\">\n\t\t\t\t<div class=\"elementor-widget-container\">\n\t\t\t\t\t<h1 class=\"elementor-heading-title elementor-size-default\">Mes maisons pr\u00e9f\u00e9r\u00e9es<\/h1>\t\t\t\t<\/div>\n\t\t\t\t<\/div>\n\t\t\t\t<div class=\"elementor-element elementor-element-f9139b7 elementor-widget elementor-widget-text-editor\" data-id=\"f9139b7\" data-element_type=\"widget\" data-e-type=\"widget\" data-widget_type=\"text-editor.default\">\n\t\t\t\t<div class=\"elementor-widget-container\">\n\t\t\t\t\t\t\t\t\t<p>Vous trouverez ici toutes vos maisons pr\u00e9f\u00e9r\u00e9es \u00e0 louer sur l&rsquo;\u00eele de Cavallo.<\/p>\n\t\t\t\t\t\t\t\t<\/div>\n\t\t\t\t<\/div>\n\t\t\t\t<div class=\"elementor-element elementor-element-58f39a6 elementor-widget elementor-widget-heading\" data-id=\"58f39a6\" data-element_type=\"widget\" data-e-type=\"widget\" data-widget_type=\"heading.default\">\n\t\t\t\t<div class=\"elementor-widget-container\">\n\t\t\t\t\t<h3 class=\"elementor-heading-title elementor-size-default\">vous n'en avez pas encore ?<\/h3>\t\t\t\t<\/div>\n\t\t\t\t<\/div>\n\t\t\t\t<div class=\"elementor-element elementor-element-f5ef65d elementor-widget elementor-widget-text-editor\" data-id=\"f5ef65d\" data-element_type=\"widget\" data-e-type=\"widget\" data-widget_type=\"text-editor.default\">\n\t\t\t\t<div class=\"elementor-widget-container\">\n\t\t\t\t\t\t\t\t\t<p>Vous trouverez ici nos <strong><u><a href=\"https:\/\/cavalloisland.com\/fr\/proprietes-a-louer-a-lile-de-cavallo\/\">maisons \u00e0 louer sur l&rsquo;\u00eele de Cavallo pour l&rsquo;\u00e9t\u00e9 2023<\/a><\/u><\/strong>.<\/p>\n\t\t\t\t\t\t\t\t<\/div>\n\t\t\t\t<\/div>\n\t\t\t\t\t<\/div>\n\t\t<\/div>\n\t\t\t\t\t<\/div>\n\t\t<\/section>\n\t\t\t\t<section class=\"elementor-section elementor-top-section elementor-element elementor-element-b24dfe7 elementor-section-boxed elementor-section-height-default elementor-section-height-default\" data-id=\"b24dfe7\" data-element_type=\"section\" data-e-type=\"section\">\n\t\t\t\t\t\t<div class=\"elementor-container elementor-column-gap-default\">\n\t\t\t\t\t<div class=\"elementor-column elementor-col-100 elementor-top-column elementor-element elementor-element-1acaedd\" data-id=\"1acaedd\" data-element_type=\"column\" data-e-type=\"column\">\n\t\t\t<div class=\"elementor-widget-wrap elementor-element-populated\">\n\t\t\t\t\t\t<div class=\"elementor-element elementor-element-b7299ba dce-posts-layout-template dce-col-3 elementor-hidden-tablet dce-col-tablet-3 dce-col-mobile-1 elementor-widget elementor-widget-dce-dynamic-show-favorites\" data-id=\"b7299ba\" data-element_type=\"widget\" data-e-type=\"widget\" data-settings=\"{&quot;style_items&quot;:&quot;template&quot;,&quot;grid_grid_type&quot;:&quot;flex&quot;}\" data-widget_type=\"dce-dynamic-show-favorites.grid\">\n\t\t\t\t<div class=\"elementor-widget-container\">\n\t\t\t\t\t\t\t<div class=\"dce-posts-container dce-posts \">\n\t\t\t<div class=\"dce-posts-fallback\">\n\t\t\t\t<p>No results found.<\/p>\t\t\t<\/div>\n\t\t<\/div>\n\t\t\t\t\t\t<\/div>\n\t\t\t\t<\/div>\n\t\t\t\t\t<\/div>\n\t\t<\/div>\n\t\t\t\t\t<\/div>\n\t\t<\/section>\n\t\t\t\t<\/div>\n\t\t","protected":false},"excerpt":{"rendered":"<p>Mes maisons pr\u00e9f\u00e9r\u00e9es Vous trouverez ici toutes vos maisons pr\u00e9f\u00e9r\u00e9es \u00e0 louer sur l&rsquo;\u00eele de Cavallo. vous n&rsquo;en avez pas encore ? Vous trouverez ici nos maisons \u00e0 louer sur l&rsquo;\u00eele de Cavallo pour l&rsquo;\u00e9t\u00e9 2023. No results found.<\/p>\n","protected":false},"author":34,"featured_media":0,"parent":0,"menu_order":0,"comment_status":"closed","ping_status":"closed","template":"elementor_header_footer","meta":{"_acf_changed":false,"footnotes":""},"class_list":["post-55247","page","type-page","status-publish","hentry"],"acf":[],"yoast_head":"<!-- This site is optimized with the Yoast SEO Premium plugin v26.7 (Yoast SEO v27.3) - https:\/\/yoast.com\/product\/yoast-seo-premium-wordpress\/ -->\n<title>Favoris - CavalloIsland<\/title>\n<meta name=\"robots\" content=\"noindex, follow\" \/>\n<meta property=\"og:locale\" content=\"fr_FR\" \/>\n<meta property=\"og:type\" content=\"article\" \/>\n<meta property=\"og:title\" content=\"Favoris\" \/>\n<meta property=\"og:description\" content=\"Mes maisons pr\u00e9f\u00e9r\u00e9es Vous trouverez ici toutes vos maisons pr\u00e9f\u00e9r\u00e9es \u00e0 louer sur l&rsquo;\u00eele de Cavallo. vous n&rsquo;en avez pas encore ? Vous trouverez ici nos maisons \u00e0 louer sur l&rsquo;\u00eele de Cavallo pour l&rsquo;\u00e9t\u00e9 2023. No results found.\" \/>\n<meta property=\"og:url\" content=\"https:\/\/cavalloisland.com\/fr\/favoris\/\" \/>\n<meta property=\"og:site_name\" content=\"CavalloIsland\" \/>\n<meta property=\"article:modified_time\" content=\"2023-04-28T10:40:58+00:00\" \/>\n<meta name=\"twitter:label1\" content=\"Dur\u00e9e de lecture estim\u00e9e\" \/>\n\t<meta name=\"twitter:data1\" content=\"1 minute\" \/>\n<script type=\"application\/ld+json\" class=\"yoast-schema-graph\">{\"@context\":\"https:\\\/\\\/schema.org\",\"@graph\":[{\"@type\":\"WebPage\",\"@id\":\"https:\\\/\\\/cavalloisland.com\\\/fr\\\/favoris\\\/\",\"url\":\"https:\\\/\\\/cavalloisland.com\\\/fr\\\/favoris\\\/\",\"name\":\"Favoris - CavalloIsland\",\"isPartOf\":{\"@id\":\"https:\\\/\\\/cavalloisland.com\\\/fr\\\/#website\"},\"datePublished\":\"2023-04-23T19:52:42+00:00\",\"dateModified\":\"2023-04-28T10:40:58+00:00\",\"breadcrumb\":{\"@id\":\"https:\\\/\\\/cavalloisland.com\\\/fr\\\/favoris\\\/#breadcrumb\"},\"inLanguage\":\"fr-FR\",\"potentialAction\":[{\"@type\":\"ReadAction\",\"target\":[\"https:\\\/\\\/cavalloisland.com\\\/fr\\\/favoris\\\/\"]}]},{\"@type\":\"BreadcrumbList\",\"@id\":\"https:\\\/\\\/cavalloisland.com\\\/fr\\\/favoris\\\/#breadcrumb\",\"itemListElement\":[{\"@type\":\"ListItem\",\"position\":1,\"name\":\"Home\",\"item\":\"https:\\\/\\\/cavalloisland.com\\\/fr\\\/homepage\\\/\"},{\"@type\":\"ListItem\",\"position\":2,\"name\":\"Favoris\"}]},{\"@type\":\"WebSite\",\"@id\":\"https:\\\/\\\/cavalloisland.com\\\/fr\\\/#website\",\"url\":\"https:\\\/\\\/cavalloisland.com\\\/fr\\\/\",\"name\":\"CavalloIsland\",\"description\":\"Choose Cavallo Island for your Luxury Holidays\",\"publisher\":{\"@id\":\"https:\\\/\\\/cavalloisland.com\\\/fr\\\/#organization\"},\"potentialAction\":[{\"@type\":\"SearchAction\",\"target\":{\"@type\":\"EntryPoint\",\"urlTemplate\":\"https:\\\/\\\/cavalloisland.com\\\/fr\\\/?s={search_term_string}\"},\"query-input\":{\"@type\":\"PropertyValueSpecification\",\"valueRequired\":true,\"valueName\":\"search_term_string\"}}],\"inLanguage\":\"fr-FR\"},{\"@type\":\"Organization\",\"@id\":\"https:\\\/\\\/cavalloisland.com\\\/fr\\\/#organization\",\"name\":\"Dm Consulting Srl\",\"url\":\"https:\\\/\\\/cavalloisland.com\\\/fr\\\/\",\"logo\":{\"@type\":\"ImageObject\",\"inLanguage\":\"fr-FR\",\"@id\":\"https:\\\/\\\/cavalloisland.com\\\/fr\\\/#\\\/schema\\\/logo\\\/image\\\/\",\"url\":\"\",\"contentUrl\":\"\",\"caption\":\"Dm Consulting Srl\"},\"image\":{\"@id\":\"https:\\\/\\\/cavalloisland.com\\\/fr\\\/#\\\/schema\\\/logo\\\/image\\\/\"}}]}<\/script>\n<!-- \/ Yoast SEO Premium plugin. -->","yoast_head_json":{"title":"Favoris - CavalloIsland","robots":{"index":"noindex","follow":"follow"},"og_locale":"fr_FR","og_type":"article","og_title":"Favoris","og_description":"Mes maisons pr\u00e9f\u00e9r\u00e9es Vous trouverez ici toutes vos maisons pr\u00e9f\u00e9r\u00e9es \u00e0 louer sur l&rsquo;\u00eele de Cavallo. vous n&rsquo;en avez pas encore ? Vous trouverez ici nos maisons \u00e0 louer sur l&rsquo;\u00eele de Cavallo pour l&rsquo;\u00e9t\u00e9 2023. No results found.","og_url":"https:\/\/cavalloisland.com\/fr\/favoris\/","og_site_name":"CavalloIsland","article_modified_time":"2023-04-28T10:40:58+00:00","twitter_misc":{"Dur\u00e9e de lecture estim\u00e9e":"1 minute"},"schema":{"@context":"https:\/\/schema.org","@graph":[{"@type":"WebPage","@id":"https:\/\/cavalloisland.com\/fr\/favoris\/","url":"https:\/\/cavalloisland.com\/fr\/favoris\/","name":"Favoris - CavalloIsland","isPartOf":{"@id":"https:\/\/cavalloisland.com\/fr\/#website"},"datePublished":"2023-04-23T19:52:42+00:00","dateModified":"2023-04-28T10:40:58+00:00","breadcrumb":{"@id":"https:\/\/cavalloisland.com\/fr\/favoris\/#breadcrumb"},"inLanguage":"fr-FR","potentialAction":[{"@type":"ReadAction","target":["https:\/\/cavalloisland.com\/fr\/favoris\/"]}]},{"@type":"BreadcrumbList","@id":"https:\/\/cavalloisland.com\/fr\/favoris\/#breadcrumb","itemListElement":[{"@type":"ListItem","position":1,"name":"Home","item":"https:\/\/cavalloisland.com\/fr\/homepage\/"},{"@type":"ListItem","position":2,"name":"Favoris"}]},{"@type":"WebSite","@id":"https:\/\/cavalloisland.com\/fr\/#website","url":"https:\/\/cavalloisland.com\/fr\/","name":"CavalloIsland","description":"Choose Cavallo Island for your Luxury Holidays","publisher":{"@id":"https:\/\/cavalloisland.com\/fr\/#organization"},"potentialAction":[{"@type":"SearchAction","target":{"@type":"EntryPoint","urlTemplate":"https:\/\/cavalloisland.com\/fr\/?s={search_term_string}"},"query-input":{"@type":"PropertyValueSpecification","valueRequired":true,"valueName":"search_term_string"}}],"inLanguage":"fr-FR"},{"@type":"Organization","@id":"https:\/\/cavalloisland.com\/fr\/#organization","name":"Dm Consulting Srl","url":"https:\/\/cavalloisland.com\/fr\/","logo":{"@type":"ImageObject","inLanguage":"fr-FR","@id":"https:\/\/cavalloisland.com\/fr\/#\/schema\/logo\/image\/","url":"","contentUrl":"","caption":"Dm Consulting Srl"},"image":{"@id":"https:\/\/cavalloisland.com\/fr\/#\/schema\/logo\/image\/"}}]}},"_links":{"self":[{"href":"https:\/\/cavalloisland.com\/fr\/wp-json\/wp\/v2\/pages\/55247","targetHints":{"allow":["GET"]}}],"collection":[{"href":"https:\/\/cavalloisland.com\/fr\/wp-json\/wp\/v2\/pages"}],"about":[{"href":"https:\/\/cavalloisland.com\/fr\/wp-json\/wp\/v2\/types\/page"}],"author":[{"embeddable":true,"href":"https:\/\/cavalloisland.com\/fr\/wp-json\/wp\/v2\/users\/34"}],"replies":[{"embeddable":true,"href":"https:\/\/cavalloisland.com\/fr\/wp-json\/wp\/v2\/comments?post=55247"}],"version-history":[{"count":4,"href":"https:\/\/cavalloisland.com\/fr\/wp-json\/wp\/v2\/pages\/55247\/revisions"}],"predecessor-version":[{"id":55251,"href":"https:\/\/cavalloisland.com\/fr\/wp-json\/wp\/v2\/pages\/55247\/revisions\/55251"}],"wp:attachment":[{"href":"https:\/\/cavalloisland.com\/fr\/wp-json\/wp\/v2\/media?parent=55247"}],"curies":[{"name":"wp","href":"https:\/\/api.w.org\/{rel}","templated":true}]}}