{"id":54129,"date":"2023-01-14T12:08:38","date_gmt":"2023-01-14T11:08:38","guid":{"rendered":"https:\/\/cavalloisland.com\/rotation\/"},"modified":"2025-06-03T09:36:12","modified_gmt":"2025-06-03T08:36:12","slug":"rotation","status":"publish","type":"page","link":"https:\/\/cavalloisland.com\/fr\/rotation\/","title":{"rendered":"Rotation"},"content":{"rendered":"\t\t<div data-elementor-type=\"wp-page\" data-elementor-id=\"54129\" class=\"elementor elementor-54129 elementor-48331\" data-elementor-post-type=\"page\">\n\t\t\t\t\t\t<section data-dce-background-color=\"#FFFFFF\" data-dce-background-overlay-color=\"#1F3666BF\" data-dce-background-image-url=\"https:\/\/cavalloisland.com\/wp-content\/uploads\/2020\/08\/browser-jpg-e1597694835513.jpg\" class=\"elementor-section elementor-top-section elementor-element elementor-element-ddd06b9 elementor-section-height-min-height elementor-section-boxed elementor-section-height-default elementor-section-items-middle\" data-id=\"ddd06b9\" data-element_type=\"section\" data-e-type=\"section\" data-settings=\"{&quot;background_background&quot;:&quot;classic&quot;}\">\n\t\t\t\t\t\t\t<div class=\"elementor-background-overlay\"><\/div>\n\t\t\t\t\t\t\t<div class=\"elementor-container elementor-column-gap-default\">\n\t\t\t\t\t<div class=\"elementor-column elementor-col-100 elementor-top-column elementor-element elementor-element-4b6eaaf\" data-id=\"4b6eaaf\" data-element_type=\"column\" data-e-type=\"column\">\n\t\t\t<div class=\"elementor-widget-wrap elementor-element-populated\">\n\t\t\t\t\t\t<div class=\"elementor-element elementor-element-25f7b95 elementor-align-center elementor-widget elementor-widget-breadcrumbs\" data-id=\"25f7b95\" data-element_type=\"widget\" data-e-type=\"widget\" data-widget_type=\"breadcrumbs.default\">\n\t\t\t\t<div class=\"elementor-widget-container\">\n\t\t\t\t\t<p id=\"breadcrumbs\"><span><span><a href=\"https:\/\/cavalloisland.com\/fr\/homepage\/\">Home<\/a><\/span><\/span><\/p>\t\t\t\t<\/div>\n\t\t\t\t<\/div>\n\t\t\t\t<div class=\"elementor-element elementor-element-58babf9 elementor-widget elementor-widget-heading\" data-id=\"58babf9\" data-element_type=\"widget\" data-e-type=\"widget\" data-widget_type=\"heading.default\">\n\t\t\t\t<div class=\"elementor-widget-container\">\n\t\t\t\t\t<h1 class=\"elementor-heading-title elementor-size-default\">Horaire Rotation<\/h1>\t\t\t\t<\/div>\n\t\t\t\t<\/div>\n\t\t\t\t\t<\/div>\n\t\t<\/div>\n\t\t\t\t\t<\/div>\n\t\t<\/section>\n\t\t\t\t<section class=\"elementor-section elementor-top-section elementor-element elementor-element-ed0f2bb elementor-section-boxed elementor-section-height-default elementor-section-height-default\" data-id=\"ed0f2bb\" data-element_type=\"section\" data-e-type=\"section\">\n\t\t\t\t\t\t<div class=\"elementor-container elementor-column-gap-default\">\n\t\t\t\t\t<div class=\"elementor-column elementor-col-100 elementor-top-column elementor-element elementor-element-9e478ce\" data-id=\"9e478ce\" data-element_type=\"column\" data-e-type=\"column\">\n\t\t\t<div class=\"elementor-widget-wrap elementor-element-populated\">\n\t\t\t\t\t\t<div class=\"elementor-element elementor-element-4c89e24 elementor-widget elementor-widget-heading\" data-id=\"4c89e24\" data-element_type=\"widget\" data-e-type=\"widget\" data-widget_type=\"heading.default\">\n\t\t\t\t<div class=\"elementor-widget-container\">\n\t\t\t\t\t<h3 class=\"elementor-heading-title elementor-size-default\">Chers visiteurs : Cavalloisland est une agence de location immobili\u00e8re et ne s'occupe pas du ferry vers et depuis l'\u00eele. Veuillez ne pas contacter pour demander uniquement des informations sur la navette.<\/h3>\t\t\t\t<\/div>\n\t\t\t\t<\/div>\n\t\t\t\t<div class=\"elementor-element elementor-element-5dcee55 elementor-widget elementor-widget-text-editor\" data-id=\"5dcee55\" data-element_type=\"widget\" data-e-type=\"widget\" data-widget_type=\"text-editor.default\">\n\t\t\t\t<div class=\"elementor-widget-container\">\n\t\t\t\t\t\t\t\t\t<p>For additional information or in order to book supplementary passages to Cavallo island, please contact Luisa Rocca at 06 89 82 90 86, or through email at the address roccanavigation <em>at<\/em> gmail.com.<\/p>\n\t\t\t\t\t\t\t\t<\/div>\n\t\t\t\t<\/div>\n\t\t\t\t<div class=\"elementor-element elementor-element-11a8561 elementor-widget elementor-widget-heading\" data-id=\"11a8561\" data-element_type=\"widget\" data-e-type=\"widget\" data-widget_type=\"heading.default\">\n\t\t\t\t<div class=\"elementor-widget-container\">\n\t\t\t\t\t<h2 class=\"elementor-heading-title elementor-size-default\">Du 1 juillet 2024 au 31 ao\u00fbt 2025<\/h2>\t\t\t\t<\/div>\n\t\t\t\t<\/div>\n\t\t\t\t<section class=\"elementor-section elementor-inner-section elementor-element elementor-element-b2b50d6 elementor-section-boxed elementor-section-height-default elementor-section-height-default\" data-id=\"b2b50d6\" data-element_type=\"section\" data-e-type=\"section\">\n\t\t\t\t\t\t<div class=\"elementor-container elementor-column-gap-default\">\n\t\t\t\t\t<div class=\"elementor-column elementor-col-50 elementor-inner-column elementor-element elementor-element-2cb58ae\" data-id=\"2cb58ae\" data-element_type=\"column\" data-e-type=\"column\">\n\t\t\t<div class=\"elementor-widget-wrap elementor-element-populated\">\n\t\t\t\t\t\t<div class=\"elementor-element elementor-element-3775931 elementor-widget elementor-widget-heading\" data-id=\"3775931\" data-element_type=\"widget\" data-e-type=\"widget\" data-widget_type=\"heading.default\">\n\t\t\t\t<div class=\"elementor-widget-container\">\n\t\t\t\t\t<h3 class=\"elementor-heading-title elementor-size-default\">de piantarella \u00e0 cavallo<\/h3>\t\t\t\t<\/div>\n\t\t\t\t<\/div>\n\t\t\t\t<div class=\"elementor-element elementor-element-67cd83d elementor-widget elementor-widget-text-editor\" data-id=\"67cd83d\" data-element_type=\"widget\" data-e-type=\"widget\" data-widget_type=\"text-editor.default\">\n\t\t\t\t<div class=\"elementor-widget-container\">\n\t\t\t\t\t\t\t\t\t<p>Du lundi au samedi<\/p>\n\t\t\t\t\t\t\t\t<\/div>\n\t\t\t\t<\/div>\n\t\t\t\t<div class=\"elementor-element elementor-element-c0f3385 elementor-widget elementor-widget-text-editor\" data-id=\"c0f3385\" data-element_type=\"widget\" data-e-type=\"widget\" data-widget_type=\"text-editor.default\">\n\t\t\t\t<div class=\"elementor-widget-container\">\n\t\t\t\t\t\t\t\t\t<p>h7:30<br \/>h9:30 (sauf le mardi)<br \/>h12:30<br \/>h16:00<br \/>h18:30<\/p>\n\t\t\t\t\t\t\t\t<\/div>\n\t\t\t\t<\/div>\n\t\t\t\t<div class=\"elementor-element elementor-element-ea93410 elementor-widget elementor-widget-text-editor\" data-id=\"ea93410\" data-element_type=\"widget\" data-e-type=\"widget\" data-widget_type=\"text-editor.default\">\n\t\t\t\t<div class=\"elementor-widget-container\">\n\t\t\t\t\t\t\t\t\t<p>Dimanche<\/p>\n\t\t\t\t\t\t\t\t<\/div>\n\t\t\t\t<\/div>\n\t\t\t\t<div class=\"elementor-element elementor-element-4bb7290 elementor-widget elementor-widget-text-editor\" data-id=\"4bb7290\" data-element_type=\"widget\" data-e-type=\"widget\" data-widget_type=\"text-editor.default\">\n\t\t\t\t<div class=\"elementor-widget-container\">\n\t\t\t\t\t\t\t\t\t<p>h7:30<br \/>h9:30<br \/>h12:30<br \/>h16:00<br \/>h19:00<\/p>\n\t\t\t\t\t\t\t\t<\/div>\n\t\t\t\t<\/div>\n\t\t\t\t\t<\/div>\n\t\t<\/div>\n\t\t\t\t<div class=\"elementor-column elementor-col-50 elementor-inner-column elementor-element elementor-element-806b828\" data-id=\"806b828\" data-element_type=\"column\" data-e-type=\"column\">\n\t\t\t<div class=\"elementor-widget-wrap elementor-element-populated\">\n\t\t\t\t\t\t<div class=\"elementor-element elementor-element-bdd4143 elementor-widget elementor-widget-heading\" data-id=\"bdd4143\" data-element_type=\"widget\" data-e-type=\"widget\" data-widget_type=\"heading.default\">\n\t\t\t\t<div class=\"elementor-widget-container\">\n\t\t\t\t\t<h3 class=\"elementor-heading-title elementor-size-default\">de cavallo \u00e0 piantarella<\/h3>\t\t\t\t<\/div>\n\t\t\t\t<\/div>\n\t\t\t\t<div class=\"elementor-element elementor-element-9a2cc20 elementor-widget elementor-widget-text-editor\" data-id=\"9a2cc20\" data-element_type=\"widget\" data-e-type=\"widget\" data-widget_type=\"text-editor.default\">\n\t\t\t\t<div class=\"elementor-widget-container\">\n\t\t\t\t\t\t\t\t\t<p>Du lundi au samedi<\/p>\n\t\t\t\t\t\t\t\t<\/div>\n\t\t\t\t<\/div>\n\t\t\t\t<div class=\"elementor-element elementor-element-7c8b338 elementor-widget elementor-widget-text-editor\" data-id=\"7c8b338\" data-element_type=\"widget\" data-e-type=\"widget\" data-widget_type=\"text-editor.default\">\n\t\t\t\t<div class=\"elementor-widget-container\">\n\t\t\t\t\t\t\t\t\t<p>h7:00<br \/>h9:00 (sauf le mardi)<br \/>h12:00<br \/>h15:30<br \/>h18:00<\/p>\n\t\t\t\t\t\t\t\t<\/div>\n\t\t\t\t<\/div>\n\t\t\t\t<div class=\"elementor-element elementor-element-5dbbf95 elementor-widget elementor-widget-text-editor\" data-id=\"5dbbf95\" data-element_type=\"widget\" data-e-type=\"widget\" data-widget_type=\"text-editor.default\">\n\t\t\t\t<div class=\"elementor-widget-container\">\n\t\t\t\t\t\t\t\t\t<p>Dimanche<\/p>\n\t\t\t\t\t\t\t\t<\/div>\n\t\t\t\t<\/div>\n\t\t\t\t<div class=\"elementor-element elementor-element-711871c elementor-widget elementor-widget-text-editor\" data-id=\"711871c\" data-element_type=\"widget\" data-e-type=\"widget\" data-widget_type=\"text-editor.default\">\n\t\t\t\t<div class=\"elementor-widget-container\">\n\t\t\t\t\t\t\t\t\t<p>h7:00<br \/>h9:00<br \/>h12:00<br \/>h15:30<br \/>h18:30<\/p>\n\t\t\t\t\t\t\t\t<\/div>\n\t\t\t\t<\/div>\n\t\t\t\t\t<\/div>\n\t\t<\/div>\n\t\t\t\t\t<\/div>\n\t\t<\/section>\n\t\t\t\t\t<\/div>\n\t\t<\/div>\n\t\t\t\t\t<\/div>\n\t\t<\/section>\n\t\t\t\t<section class=\"elementor-section elementor-top-section elementor-element elementor-element-7520a01 elementor-section-boxed elementor-section-height-default elementor-section-height-default\" data-id=\"7520a01\" data-element_type=\"section\" data-e-type=\"section\">\n\t\t\t\t\t\t<div class=\"elementor-container elementor-column-gap-default\">\n\t\t\t\t\t<div class=\"elementor-column elementor-col-100 elementor-top-column elementor-element elementor-element-71168ea\" data-id=\"71168ea\" data-element_type=\"column\" data-e-type=\"column\">\n\t\t\t<div class=\"elementor-widget-wrap elementor-element-populated\">\n\t\t\t\t\t\t<div class=\"elementor-element elementor-element-84bab30 elementor-widget elementor-widget-heading\" data-id=\"84bab30\" data-element_type=\"widget\" data-e-type=\"widget\" data-widget_type=\"heading.default\">\n\t\t\t\t<div class=\"elementor-widget-container\">\n\t\t\t\t\t<h2 class=\"elementor-heading-title elementor-size-default\">Du 22 mai 2025 au 30 juin 2025<\/h2>\t\t\t\t<\/div>\n\t\t\t\t<\/div>\n\t\t\t\t<section class=\"elementor-section elementor-inner-section elementor-element elementor-element-471a4b6 elementor-section-boxed elementor-section-height-default elementor-section-height-default\" data-id=\"471a4b6\" data-element_type=\"section\" data-e-type=\"section\">\n\t\t\t\t\t\t<div class=\"elementor-container elementor-column-gap-default\">\n\t\t\t\t\t<div class=\"elementor-column elementor-col-50 elementor-inner-column elementor-element elementor-element-debdea3\" data-id=\"debdea3\" data-element_type=\"column\" data-e-type=\"column\">\n\t\t\t<div class=\"elementor-widget-wrap elementor-element-populated\">\n\t\t\t\t\t\t<div class=\"elementor-element elementor-element-51dac19 elementor-widget elementor-widget-heading\" data-id=\"51dac19\" data-element_type=\"widget\" data-e-type=\"widget\" data-widget_type=\"heading.default\">\n\t\t\t\t<div class=\"elementor-widget-container\">\n\t\t\t\t\t<h3 class=\"elementor-heading-title elementor-size-default\">de piantarella \u00e0 cavallo<\/h3>\t\t\t\t<\/div>\n\t\t\t\t<\/div>\n\t\t\t\t<div class=\"elementor-element elementor-element-eaf1a8c elementor-widget elementor-widget-text-editor\" data-id=\"eaf1a8c\" data-element_type=\"widget\" data-e-type=\"widget\" data-widget_type=\"text-editor.default\">\n\t\t\t\t<div class=\"elementor-widget-container\">\n\t\t\t\t\t\t\t\t\t<p>Du lundi au samedi<\/p>\n\t\t\t\t\t\t\t\t<\/div>\n\t\t\t\t<\/div>\n\t\t\t\t<div class=\"elementor-element elementor-element-a535543 elementor-widget elementor-widget-text-editor\" data-id=\"a535543\" data-element_type=\"widget\" data-e-type=\"widget\" data-widget_type=\"text-editor.default\">\n\t\t\t\t<div class=\"elementor-widget-container\">\n\t\t\t\t\t\t\t\t\th7:30<br>h9:30<br>h12:30<br>h17:30\t\t\t\t\t\t\t\t<\/div>\n\t\t\t\t<\/div>\n\t\t\t\t<div class=\"elementor-element elementor-element-135fdab elementor-widget elementor-widget-text-editor\" data-id=\"135fdab\" data-element_type=\"widget\" data-e-type=\"widget\" data-widget_type=\"text-editor.default\">\n\t\t\t\t<div class=\"elementor-widget-container\">\n\t\t\t\t\t\t\t\t\t<p>Le dimanche<\/p>\n\t\t\t\t\t\t\t\t<\/div>\n\t\t\t\t<\/div>\n\t\t\t\t<div class=\"elementor-element elementor-element-f7bae28 elementor-widget elementor-widget-text-editor\" data-id=\"f7bae28\" data-element_type=\"widget\" data-e-type=\"widget\" data-widget_type=\"text-editor.default\">\n\t\t\t\t<div class=\"elementor-widget-container\">\n\t\t\t\t\t\t\t\t\t<p>h9:30<br \/>h12:30<br \/>h17:30<\/p>\n\t\t\t\t\t\t\t\t<\/div>\n\t\t\t\t<\/div>\n\t\t\t\t\t<\/div>\n\t\t<\/div>\n\t\t\t\t<div class=\"elementor-column elementor-col-50 elementor-inner-column elementor-element elementor-element-14847de\" data-id=\"14847de\" data-element_type=\"column\" data-e-type=\"column\">\n\t\t\t<div class=\"elementor-widget-wrap elementor-element-populated\">\n\t\t\t\t\t\t<div class=\"elementor-element elementor-element-36209fa elementor-widget elementor-widget-heading\" data-id=\"36209fa\" data-element_type=\"widget\" data-e-type=\"widget\" data-widget_type=\"heading.default\">\n\t\t\t\t<div class=\"elementor-widget-container\">\n\t\t\t\t\t<h3 class=\"elementor-heading-title elementor-size-default\">de cavallo \u00e0 piantarella<\/h3>\t\t\t\t<\/div>\n\t\t\t\t<\/div>\n\t\t\t\t<div class=\"elementor-element elementor-element-906f236 elementor-widget elementor-widget-text-editor\" data-id=\"906f236\" data-element_type=\"widget\" data-e-type=\"widget\" data-widget_type=\"text-editor.default\">\n\t\t\t\t<div class=\"elementor-widget-container\">\n\t\t\t\t\t\t\t\t\t<p>Du lundi au samedi<\/p>\n\t\t\t\t\t\t\t\t<\/div>\n\t\t\t\t<\/div>\n\t\t\t\t<div class=\"elementor-element elementor-element-6f10999 elementor-widget elementor-widget-text-editor\" data-id=\"6f10999\" data-element_type=\"widget\" data-e-type=\"widget\" data-widget_type=\"text-editor.default\">\n\t\t\t\t<div class=\"elementor-widget-container\">\n\t\t\t\t\t\t\t\t\t<p>h7:00<br \/>h9:00<br \/>h12:00<br \/>h17:00<\/p>\n\t\t\t\t\t\t\t\t<\/div>\n\t\t\t\t<\/div>\n\t\t\t\t<div class=\"elementor-element elementor-element-b91b248 elementor-widget elementor-widget-text-editor\" data-id=\"b91b248\" data-element_type=\"widget\" data-e-type=\"widget\" data-widget_type=\"text-editor.default\">\n\t\t\t\t<div class=\"elementor-widget-container\">\n\t\t\t\t\t\t\t\t\t<p>Le vendredi<\/p>\n\t\t\t\t\t\t\t\t<\/div>\n\t\t\t\t<\/div>\n\t\t\t\t<div class=\"elementor-element elementor-element-ffea685 elementor-widget elementor-widget-text-editor\" data-id=\"ffea685\" data-element_type=\"widget\" data-e-type=\"widget\" data-widget_type=\"text-editor.default\">\n\t\t\t\t<div class=\"elementor-widget-container\">\n\t\t\t\t\t\t\t\t\t<p>h9:00<br \/>h12:00<br \/>h17:00<\/p>\n\t\t\t\t\t\t\t\t<\/div>\n\t\t\t\t<\/div>\n\t\t\t\t\t<\/div>\n\t\t<\/div>\n\t\t\t\t\t<\/div>\n\t\t<\/section>\n\t\t\t\t\t<\/div>\n\t\t<\/div>\n\t\t\t\t\t<\/div>\n\t\t<\/section>\n\t\t\t\t<\/div>\n\t\t","protected":false},"excerpt":{"rendered":"<p>Horaire Rotation Chers visiteurs : Cavalloisland est une agence de location immobili\u00e8re et ne s&rsquo;occupe pas du ferry vers et depuis l&rsquo;\u00eele. Veuillez ne pas contacter pour demander uniquement des informations sur la navette. For additional information or in order to book supplementary passages to Cavallo island, please contact Luisa Rocca at 06 89 82 [&hellip;]<\/p>\n","protected":false},"author":34,"featured_media":49702,"parent":0,"menu_order":0,"comment_status":"closed","ping_status":"closed","template":"elementor_header_footer","meta":{"_acf_changed":false,"footnotes":""},"class_list":["post-54129","page","type-page","status-publish","has-post-thumbnail","hentry"],"acf":[],"yoast_head":"<!-- This site is optimized with the Yoast SEO Premium plugin v26.7 (Yoast SEO v27.3) - https:\/\/yoast.com\/product\/yoast-seo-premium-wordpress\/ -->\n<title>Ferry pour l&#039;\u00eele de Cavallo - horaires et comment planifier votre voyage<\/title>\n<meta name=\"description\" content=\"Vous pouvez vous rendre \u00e0 l&#039;\u00eele de Cavallo en ferry depuis la Corse et la Sardaigne. En savoir plus sur le calendrier des f\u00eates de fin d&#039;ann\u00e9e.\" \/>\n<meta name=\"robots\" content=\"index, follow, max-snippet:-1, max-image-preview:large, max-video-preview:-1\" \/>\n<link rel=\"canonical\" href=\"https:\/\/cavalloisland.com\/fr\/rotation\/\" \/>\n<meta property=\"og:locale\" content=\"fr_FR\" \/>\n<meta property=\"og:type\" content=\"article\" \/>\n<meta property=\"og:title\" content=\"Rotation\" \/>\n<meta property=\"og:description\" content=\"Vous pouvez vous rendre \u00e0 l&#039;\u00eele de Cavallo en ferry depuis la Corse et la Sardaigne. En savoir plus sur le calendrier des f\u00eates de fin d&#039;ann\u00e9e.\" \/>\n<meta property=\"og:url\" content=\"https:\/\/cavalloisland.com\/fr\/rotation\/\" \/>\n<meta property=\"og:site_name\" content=\"CavalloIsland\" \/>\n<meta property=\"article:modified_time\" content=\"2025-06-03T08:36:12+00:00\" \/>\n<meta property=\"og:image\" content=\"https:\/\/cavalloisland.com\/wp-content\/uploads\/2014\/11\/image.jpeg\" \/>\n\t<meta property=\"og:image:width\" content=\"1435\" \/>\n\t<meta property=\"og:image:height\" content=\"960\" \/>\n\t<meta property=\"og:image:type\" content=\"image\/jpeg\" \/>\n<meta name=\"twitter:label1\" content=\"Dur\u00e9e de lecture estim\u00e9e\" \/>\n\t<meta name=\"twitter:data1\" content=\"1 minute\" \/>\n<script type=\"application\/ld+json\" class=\"yoast-schema-graph\">{\"@context\":\"https:\\\/\\\/schema.org\",\"@graph\":[{\"@type\":\"WebPage\",\"@id\":\"https:\\\/\\\/cavalloisland.com\\\/fr\\\/rotation\\\/\",\"url\":\"https:\\\/\\\/cavalloisland.com\\\/fr\\\/rotation\\\/\",\"name\":\"Ferry pour l'\u00eele de Cavallo - horaires et comment planifier votre voyage\",\"isPartOf\":{\"@id\":\"https:\\\/\\\/cavalloisland.com\\\/fr\\\/#website\"},\"primaryImageOfPage\":{\"@id\":\"https:\\\/\\\/cavalloisland.com\\\/fr\\\/rotation\\\/#primaryimage\"},\"image\":{\"@id\":\"https:\\\/\\\/cavalloisland.com\\\/fr\\\/rotation\\\/#primaryimage\"},\"thumbnailUrl\":\"https:\\\/\\\/cavalloisland.com\\\/wp-content\\\/uploads\\\/2014\\\/11\\\/image.jpeg\",\"datePublished\":\"2023-01-14T11:08:38+00:00\",\"dateModified\":\"2025-06-03T08:36:12+00:00\",\"description\":\"Vous pouvez vous rendre \u00e0 l'\u00eele de Cavallo en ferry depuis la Corse et la Sardaigne. En savoir plus sur le calendrier des f\u00eates de fin d'ann\u00e9e.\",\"breadcrumb\":{\"@id\":\"https:\\\/\\\/cavalloisland.com\\\/fr\\\/rotation\\\/#breadcrumb\"},\"inLanguage\":\"fr-FR\",\"potentialAction\":[{\"@type\":\"ReadAction\",\"target\":[\"https:\\\/\\\/cavalloisland.com\\\/fr\\\/rotation\\\/\"]}]},{\"@type\":\"ImageObject\",\"inLanguage\":\"fr-FR\",\"@id\":\"https:\\\/\\\/cavalloisland.com\\\/fr\\\/rotation\\\/#primaryimage\",\"url\":\"https:\\\/\\\/cavalloisland.com\\\/wp-content\\\/uploads\\\/2014\\\/11\\\/image.jpeg\",\"contentUrl\":\"https:\\\/\\\/cavalloisland.com\\\/wp-content\\\/uploads\\\/2014\\\/11\\\/image.jpeg\",\"width\":1435,\"height\":960,\"caption\":\"ferry to cavallo island\"},{\"@type\":\"BreadcrumbList\",\"@id\":\"https:\\\/\\\/cavalloisland.com\\\/fr\\\/rotation\\\/#breadcrumb\",\"itemListElement\":[{\"@type\":\"ListItem\",\"position\":1,\"name\":\"Home\",\"item\":\"https:\\\/\\\/cavalloisland.com\\\/fr\\\/homepage\\\/\"},{\"@type\":\"ListItem\",\"position\":2,\"name\":\"Rotation\"}]},{\"@type\":\"WebSite\",\"@id\":\"https:\\\/\\\/cavalloisland.com\\\/fr\\\/#website\",\"url\":\"https:\\\/\\\/cavalloisland.com\\\/fr\\\/\",\"name\":\"CavalloIsland\",\"description\":\"Choose Cavallo Island for your Luxury Holidays\",\"publisher\":{\"@id\":\"https:\\\/\\\/cavalloisland.com\\\/fr\\\/#organization\"},\"potentialAction\":[{\"@type\":\"SearchAction\",\"target\":{\"@type\":\"EntryPoint\",\"urlTemplate\":\"https:\\\/\\\/cavalloisland.com\\\/fr\\\/?s={search_term_string}\"},\"query-input\":{\"@type\":\"PropertyValueSpecification\",\"valueRequired\":true,\"valueName\":\"search_term_string\"}}],\"inLanguage\":\"fr-FR\"},{\"@type\":\"Organization\",\"@id\":\"https:\\\/\\\/cavalloisland.com\\\/fr\\\/#organization\",\"name\":\"Dm Consulting Srl\",\"url\":\"https:\\\/\\\/cavalloisland.com\\\/fr\\\/\",\"logo\":{\"@type\":\"ImageObject\",\"inLanguage\":\"fr-FR\",\"@id\":\"https:\\\/\\\/cavalloisland.com\\\/fr\\\/#\\\/schema\\\/logo\\\/image\\\/\",\"url\":\"\",\"contentUrl\":\"\",\"caption\":\"Dm Consulting Srl\"},\"image\":{\"@id\":\"https:\\\/\\\/cavalloisland.com\\\/fr\\\/#\\\/schema\\\/logo\\\/image\\\/\"}}]}<\/script>\n<!-- \/ Yoast SEO Premium plugin. -->","yoast_head_json":{"title":"Ferry pour l'\u00eele de Cavallo - horaires et comment planifier votre voyage","description":"Vous pouvez vous rendre \u00e0 l'\u00eele de Cavallo en ferry depuis la Corse et la Sardaigne. En savoir plus sur le calendrier des f\u00eates de fin d'ann\u00e9e.","robots":{"index":"index","follow":"follow","max-snippet":"max-snippet:-1","max-image-preview":"max-image-preview:large","max-video-preview":"max-video-preview:-1"},"canonical":"https:\/\/cavalloisland.com\/fr\/rotation\/","og_locale":"fr_FR","og_type":"article","og_title":"Rotation","og_description":"Vous pouvez vous rendre \u00e0 l'\u00eele de Cavallo en ferry depuis la Corse et la Sardaigne. En savoir plus sur le calendrier des f\u00eates de fin d'ann\u00e9e.","og_url":"https:\/\/cavalloisland.com\/fr\/rotation\/","og_site_name":"CavalloIsland","article_modified_time":"2025-06-03T08:36:12+00:00","og_image":[{"width":1435,"height":960,"url":"https:\/\/cavalloisland.com\/wp-content\/uploads\/2014\/11\/image.jpeg","type":"image\/jpeg"}],"twitter_misc":{"Dur\u00e9e de lecture estim\u00e9e":"1 minute"},"schema":{"@context":"https:\/\/schema.org","@graph":[{"@type":"WebPage","@id":"https:\/\/cavalloisland.com\/fr\/rotation\/","url":"https:\/\/cavalloisland.com\/fr\/rotation\/","name":"Ferry pour l'\u00eele de Cavallo - horaires et comment planifier votre voyage","isPartOf":{"@id":"https:\/\/cavalloisland.com\/fr\/#website"},"primaryImageOfPage":{"@id":"https:\/\/cavalloisland.com\/fr\/rotation\/#primaryimage"},"image":{"@id":"https:\/\/cavalloisland.com\/fr\/rotation\/#primaryimage"},"thumbnailUrl":"https:\/\/cavalloisland.com\/wp-content\/uploads\/2014\/11\/image.jpeg","datePublished":"2023-01-14T11:08:38+00:00","dateModified":"2025-06-03T08:36:12+00:00","description":"Vous pouvez vous rendre \u00e0 l'\u00eele de Cavallo en ferry depuis la Corse et la Sardaigne. En savoir plus sur le calendrier des f\u00eates de fin d'ann\u00e9e.","breadcrumb":{"@id":"https:\/\/cavalloisland.com\/fr\/rotation\/#breadcrumb"},"inLanguage":"fr-FR","potentialAction":[{"@type":"ReadAction","target":["https:\/\/cavalloisland.com\/fr\/rotation\/"]}]},{"@type":"ImageObject","inLanguage":"fr-FR","@id":"https:\/\/cavalloisland.com\/fr\/rotation\/#primaryimage","url":"https:\/\/cavalloisland.com\/wp-content\/uploads\/2014\/11\/image.jpeg","contentUrl":"https:\/\/cavalloisland.com\/wp-content\/uploads\/2014\/11\/image.jpeg","width":1435,"height":960,"caption":"ferry to cavallo island"},{"@type":"BreadcrumbList","@id":"https:\/\/cavalloisland.com\/fr\/rotation\/#breadcrumb","itemListElement":[{"@type":"ListItem","position":1,"name":"Home","item":"https:\/\/cavalloisland.com\/fr\/homepage\/"},{"@type":"ListItem","position":2,"name":"Rotation"}]},{"@type":"WebSite","@id":"https:\/\/cavalloisland.com\/fr\/#website","url":"https:\/\/cavalloisland.com\/fr\/","name":"CavalloIsland","description":"Choose Cavallo Island for your Luxury Holidays","publisher":{"@id":"https:\/\/cavalloisland.com\/fr\/#organization"},"potentialAction":[{"@type":"SearchAction","target":{"@type":"EntryPoint","urlTemplate":"https:\/\/cavalloisland.com\/fr\/?s={search_term_string}"},"query-input":{"@type":"PropertyValueSpecification","valueRequired":true,"valueName":"search_term_string"}}],"inLanguage":"fr-FR"},{"@type":"Organization","@id":"https:\/\/cavalloisland.com\/fr\/#organization","name":"Dm Consulting Srl","url":"https:\/\/cavalloisland.com\/fr\/","logo":{"@type":"ImageObject","inLanguage":"fr-FR","@id":"https:\/\/cavalloisland.com\/fr\/#\/schema\/logo\/image\/","url":"","contentUrl":"","caption":"Dm Consulting Srl"},"image":{"@id":"https:\/\/cavalloisland.com\/fr\/#\/schema\/logo\/image\/"}}]}},"_links":{"self":[{"href":"https:\/\/cavalloisland.com\/fr\/wp-json\/wp\/v2\/pages\/54129","targetHints":{"allow":["GET"]}}],"collection":[{"href":"https:\/\/cavalloisland.com\/fr\/wp-json\/wp\/v2\/pages"}],"about":[{"href":"https:\/\/cavalloisland.com\/fr\/wp-json\/wp\/v2\/types\/page"}],"author":[{"embeddable":true,"href":"https:\/\/cavalloisland.com\/fr\/wp-json\/wp\/v2\/users\/34"}],"replies":[{"embeddable":true,"href":"https:\/\/cavalloisland.com\/fr\/wp-json\/wp\/v2\/comments?post=54129"}],"version-history":[{"count":12,"href":"https:\/\/cavalloisland.com\/fr\/wp-json\/wp\/v2\/pages\/54129\/revisions"}],"predecessor-version":[{"id":63291,"href":"https:\/\/cavalloisland.com\/fr\/wp-json\/wp\/v2\/pages\/54129\/revisions\/63291"}],"wp:featuredmedia":[{"embeddable":true,"href":"https:\/\/cavalloisland.com\/fr\/wp-json\/wp\/v2\/media\/49702"}],"wp:attachment":[{"href":"https:\/\/cavalloisland.com\/fr\/wp-json\/wp\/v2\/media?parent=54129"}],"curies":[{"name":"wp","href":"https:\/\/api.w.org\/{rel}","templated":true}]}}