{"id":54127,"date":"2023-01-14T11:37:34","date_gmt":"2023-01-14T10:37:34","guid":{"rendered":"https:\/\/cavalloisland.com\/contactez-nous\/"},"modified":"2023-03-05T14:55:10","modified_gmt":"2023-03-05T13:55:10","slug":"contactez-nous","status":"publish","type":"page","link":"https:\/\/cavalloisland.com\/fr\/contactez-nous\/","title":{"rendered":"Contactez-nous"},"content":{"rendered":"<h3>vivez vos vacances de r\u00eave avec nous<\/h3>\n<h2>Contactez-nous<\/h2>\n<p>Remplissez le formulaire de contact pour en savoir plus sur l&rsquo;\u00eele de Cavallo et notre offre: nous vous r\u00e9pondrons dans quelques heures.<\/p>\n<p>\t\t\t<iframe loading=\"lazy\"\n\t\t\t\t\tsrc=\"https:\/\/maps.google.com\/maps?q=Ile%20de%20Cavall%C3%B2%2C%20Bonifacio%2C%20South%20Corse%2C%20France&#038;t=m&#038;z=12&#038;output=embed&#038;iwloc=near\"\n\t\t\t\t\ttitle=\"Ile de Cavall\u00f2, Bonifacio, South Corse, France\"\n\t\t\t\t\taria-label=\"Ile de Cavall\u00f2, Bonifacio, South Corse, France\"\n\t\t\t><\/iframe><\/p>\n<script>\nvar gform;gform||(document.addEventListener(\"gform_main_scripts_loaded\",function(){gform.scriptsLoaded=!0}),document.addEventListener(\"gform\/theme\/scripts_loaded\",function(){gform.themeScriptsLoaded=!0}),window.addEventListener(\"DOMContentLoaded\",function(){gform.domLoaded=!0}),gform={domLoaded:!1,scriptsLoaded:!1,themeScriptsLoaded:!1,isFormEditor:()=>\"function\"==typeof InitializeEditor,callIfLoaded:function(o){return!(!gform.domLoaded||!gform.scriptsLoaded||!gform.themeScriptsLoaded&&!gform.isFormEditor()||(gform.isFormEditor()&&console.warn(\"The use of gform.initializeOnLoaded() is deprecated in the form editor context and will be removed in Gravity Forms 3.1.\"),o(),0))},initializeOnLoaded:function(o){gform.callIfLoaded(o)||(document.addEventListener(\"gform_main_scripts_loaded\",()=>{gform.scriptsLoaded=!0,gform.callIfLoaded(o)}),document.addEventListener(\"gform\/theme\/scripts_loaded\",()=>{gform.themeScriptsLoaded=!0,gform.callIfLoaded(o)}),window.addEventListener(\"DOMContentLoaded\",()=>{gform.domLoaded=!0,gform.callIfLoaded(o)}))},hooks:{action:{},filter:{}},addAction:function(o,r,e,t){gform.addHook(\"action\",o,r,e,t)},addFilter:function(o,r,e,t){gform.addHook(\"filter\",o,r,e,t)},doAction:function(o){gform.doHook(\"action\",o,arguments)},applyFilters:function(o){return gform.doHook(\"filter\",o,arguments)},removeAction:function(o,r){gform.removeHook(\"action\",o,r)},removeFilter:function(o,r,e){gform.removeHook(\"filter\",o,r,e)},addHook:function(o,r,e,t,n){null==gform.hooks[o][r]&&(gform.hooks[o][r]=[]);var d=gform.hooks[o][r];null==n&&(n=r+\"_\"+d.length),gform.hooks[o][r].push({tag:n,callable:e,priority:t=null==t?10:t})},doHook:function(r,o,e){var t;if(e=Array.prototype.slice.call(e,1),null!=gform.hooks[r][o]&&((o=gform.hooks[r][o]).sort(function(o,r){return o.priority-r.priority}),o.forEach(function(o){\"function\"!=typeof(t=o.callable)&&(t=window[t]),\"action\"==r?t.apply(null,e):e[0]=t.apply(null,e)})),\"filter\"==r)return e[0]},removeHook:function(o,r,t,n){var e;null!=gform.hooks[o][r]&&(e=(e=gform.hooks[o][r]).filter(function(o,r,e){return!!(null!=n&&n!=o.tag||null!=t&&t!=o.priority)}),gform.hooks[o][r]=e)}});\n<\/script>\n\n                <div class='gf_browser_gecko gform_wrapper gform_legacy_markup_wrapper gform-theme--no-framework' data-form-theme='legacy' data-form-index='0' id='gform_wrapper_13' ><form method='post' enctype='multipart\/form-data'  id='gform_13'  action='\/fr\/wp-json\/wp\/v2\/pages\/54127' data-formid='13' novalidate>\n                        <div class='gform-body gform_body'><ul id='gform_fields_13' class='gform_fields top_label form_sublabel_below description_below validation_below'><li id=\"field_13_22\" class=\"gfield gfield--type-honeypot gform_validation_container field_sublabel_below gfield--has-description field_description_below field_validation_below gfield_visibility_visible\"  ><label class='gfield_label gform-field-label' for='input_13_22'>URL<\/label><div class='ginput_container'><input name='input_22' id='input_13_22' type='text' value='' autocomplete='new-password'\/><\/div><div class='gfield_description' id='gfield_description_13_22'>Ce champ n\u2019est utilis\u00e9 qu\u2019\u00e0 des fins de validation et devrait rester inchang\u00e9.<\/div><\/li><li id=\"field_13_20\" class=\"gfield gfield--type-name gfield--input-type-name gfield--width-full field_sublabel_above gfield--no-description field_description_below field_validation_below gfield_visibility_visible\"  ><label class='gfield_label gform-field-label gfield_label_before_complex' >Nom et Pr\u00e9nom<\/label><div class='ginput_complex ginput_container ginput_container--name no_prefix has_first_name no_middle_name has_last_name no_suffix gf_name_has_2 ginput_container_name gform-grid-row' id='input_13_20'>\n                            \n                            <span id='input_13_20_3_container' class='name_first gform-grid-col gform-grid-col--size-auto' >\n                                                    <label for='input_13_20_3' class='gform-field-label gform-field-label--type-sub '>Nom<\/label>\n                                                    <input type='text' name='input_20.3' id='input_13_20_3' value=''   aria-required='false'     \/>\n                                                <\/span>\n                            \n                            <span id='input_13_20_6_container' class='name_last gform-grid-col gform-grid-col--size-auto' >\n                                                            <label for='input_13_20_6' class='gform-field-label gform-field-label--type-sub '>Pr\u00e9nom<\/label>\n                                                            <input type='text' name='input_20.6' id='input_13_20_6' value=''   aria-required='false'     \/>\n                                                        <\/span>\n                            \n                        <\/div><\/li><li id=\"field_13_21\" class=\"gfield gfield--type-email gfield--input-type-email gfield--width-full gfield_contains_required field_sublabel_above gfield--no-description field_description_below field_validation_below gfield_visibility_visible\"  ><label class='gfield_label gform-field-label gfield_label_before_complex' >Email<span class=\"gfield_required\"><span class=\"gfield_required gfield_required_asterisk\">*<\/span><\/span><\/label><div class='ginput_complex ginput_container ginput_container_email gform-grid-row' id='input_13_21_container'>\n                                <span id='input_13_21_1_container' class='ginput_left gform-grid-col gform-grid-col--size-auto'>\n                                    <label for='input_13_21' class='gform-field-label gform-field-label--type-sub '>Ins\u00e9rer un e-mail<\/label>\n                                    <input class='' type='email' name='input_21' id='input_13_21' value=''    aria-required=\"true\" aria-invalid=\"false\"  \/>\n                                <\/span>\n                                <span id='input_13_21_2_container' class='ginput_right gform-grid-col gform-grid-col--size-auto'>\n                                    <label for='input_13_21_2' class='gform-field-label gform-field-label--type-sub '>Confirmez votre email<\/label>\n                                    <input class='' type='email' name='input_21_2' id='input_13_21_2' value=''    aria-required=\"true\" aria-invalid=\"false\"  \/>\n                                <\/span>\n                                <div class='gf_clear gf_clear_complex'><\/div>\n                            <\/div><\/li><li id=\"field_13_8\" class=\"gfield gfield--type-text gfield--input-type-text gf_left_half gfield_contains_required field_sublabel_below gfield--no-description field_description_below field_validation_below gfield_visibility_visible\"  ><label class='gfield_label gform-field-label' for='input_13_8'>T\u00e9l\u00e9phone<span class=\"gfield_required\"><span class=\"gfield_required gfield_required_asterisk\">*<\/span><\/span><\/label><div class='ginput_container ginput_container_text'><input name='input_8' id='input_13_8' type='text' value='+' class='medium'    placeholder='+392251135334' aria-required=\"true\" aria-invalid=\"false\"   \/><\/div><\/li><li id=\"field_13_19\" class=\"gfield gfield--type-checkbox gfield--type-choice gfield--input-type-checkbox gfield_contains_required field_sublabel_below gfield--no-description field_description_below field_validation_below gfield_visibility_visible\"  ><label class='gfield_label gform-field-label gfield_label_before_complex' >Je vous contacte pour:<span class=\"gfield_required\"><span class=\"gfield_required gfield_required_asterisk\">*<\/span><\/span><\/label><div class='ginput_container ginput_container_checkbox'><ul class='gfield_checkbox' id='input_13_19'><li class='gchoice gchoice_13_19_1'>\n\t\t\t\t\t\t\t\t<input class='gfield-choice-input' name='input_19.1' type='checkbox'  value='Louer une maison'  id='choice_13_19_1'   \/>\n\t\t\t\t\t\t\t\t<label for='choice_13_19_1' id='label_13_19_1' class='gform-field-label gform-field-label--type-inline'>Louer une maison<\/label>\n\t\t\t\t\t\t\t<\/li><li class='gchoice gchoice_13_19_2'>\n\t\t\t\t\t\t\t\t<input class='gfield-choice-input' name='input_19.2' type='checkbox'  value='Acheter une maison'  id='choice_13_19_2'   \/>\n\t\t\t\t\t\t\t\t<label for='choice_13_19_2' id='label_13_19_2' class='gform-field-label gform-field-label--type-inline'>Acheter une maison<\/label>\n\t\t\t\t\t\t\t<\/li><li class='gchoice gchoice_13_19_3'>\n\t\t\t\t\t\t\t\t<input class='gfield-choice-input' name='input_19.3' type='checkbox'  value='Vendre une maison'  id='choice_13_19_3'   \/>\n\t\t\t\t\t\t\t\t<label for='choice_13_19_3' id='label_13_19_3' class='gform-field-label gform-field-label--type-inline'>Vendre une maison<\/label>\n\t\t\t\t\t\t\t<\/li><li class='gchoice gchoice_13_19_4'>\n\t\t\t\t\t\t\t\t<input class='gfield-choice-input' name='input_19.4' type='checkbox'  value='Pour plus d&#039;informations sur l&#039;\u00eele de Cavallo et vos services'  id='choice_13_19_4'   \/>\n\t\t\t\t\t\t\t\t<label for='choice_13_19_4' id='label_13_19_4' class='gform-field-label gform-field-label--type-inline'>Pour plus d'informations sur l'\u00eele de Cavallo et vos services<\/label>\n\t\t\t\t\t\t\t<\/li><\/ul><\/div><\/li><li id=\"field_13_4\" class=\"gfield gfield--type-textarea gfield--input-type-textarea gfield_contains_required field_sublabel_below gfield--has-description field_description_below field_validation_below gfield_visibility_visible\"  ><label class='gfield_label gform-field-label' for='input_13_4'>Laisser un message<span class=\"gfield_required\"><span class=\"gfield_required gfield_required_asterisk\">*<\/span><\/span><\/label><div class='ginput_container ginput_container_textarea'><textarea name='input_4' id='input_13_4' class='textarea small'  aria-describedby=\"gfield_description_13_4\"   aria-required=\"true\" aria-invalid=\"false\"   rows='10' cols='50'><\/textarea><\/div><div class='gfield_description' id='gfield_description_13_4'>Chers visiteurs : Cavalloisland est une agence de location immobili\u00e8re et ne s'occupe pas du ferry vers et depuis l'\u00eele. Veuillez ne pas contacter pour demander uniquement des informations sur la navette.<\/div><\/li><\/ul><\/div>\n        <div class='gform-footer gform_footer top_label'> <input type='submit' id='gform_submit_button_13' class='gform_button button' onclick='gform.submission.handleButtonClick(this);' data-submission-type='submit' value='Envoyer Message'  \/> \n            <input type='hidden' class='gform_hidden' name='gform_submission_method' data-js='gform_submission_method_13' value='postback' \/>\n            <input type='hidden' class='gform_hidden' name='gform_theme' data-js='gform_theme_13' id='gform_theme_13' value='legacy' \/>\n            <input type='hidden' class='gform_hidden' name='gform_style_settings' data-js='gform_style_settings_13' id='gform_style_settings_13' value='[]' \/>\n            <input type='hidden' class='gform_hidden' name='is_submit_13' value='1' \/>\n            <input type='hidden' class='gform_hidden' name='gform_submit' value='13' \/>\n            \n            <input type='hidden' class='gform_hidden' name='gform_currency' data-currency='EUR' value='N59KirNpfgRmEkBOCnlVuPzPpm+8djDthW8ZjUrdkRb1O5K2F1yao4pPDgP0VT4gtNlYEtCo8oh1rbzBK0DYEPqcxkj81\/hjrQdRjB8Jb\/DGoUg=' \/>\n            <input type='hidden' class='gform_hidden' name='gform_unique_id' value='' \/>\n            <input type='hidden' class='gform_hidden' name='state_13' value='WyJbXSIsIjQ1N2QwNGRmOTRkYWFjYTBmZjZjNTM0NWZiYzc1NWY0Il0=' \/>\n            <input type='hidden' autocomplete='off' class='gform_hidden' name='gform_target_page_number_13' id='gform_target_page_number_13' value='0' \/>\n            <input type='hidden' autocomplete='off' class='gform_hidden' name='gform_source_page_number_13' id='gform_source_page_number_13' value='1' \/>\n            <input type='hidden' name='gform_field_values' value='' \/>\n            \n        <\/div>\n                        <\/form>\n                        <\/div><script>\ngform.initializeOnLoaded( function() {gformInitSpinner( 13, 'https:\/\/cavalloisland.com\/wp-content\/plugins\/gravityforms\/images\/spinner.svg', true );jQuery('#gform_ajax_frame_13').on('load',function(){var contents = jQuery(this).contents().find('*').html();var is_postback = contents.indexOf('GF_AJAX_POSTBACK') >= 0;if(!is_postback){return;}var form_content = jQuery(this).contents().find('#gform_wrapper_13');var is_confirmation = jQuery(this).contents().find('#gform_confirmation_wrapper_13').length > 0;var is_redirect = contents.indexOf('gformRedirect(){') >= 0;var is_form = form_content.length > 0 && ! is_redirect && ! is_confirmation;var mt = parseInt(jQuery('html').css('margin-top'), 10) + parseInt(jQuery('body').css('margin-top'), 10) + 100;if(is_form){jQuery('#gform_wrapper_13').html(form_content.html());if(form_content.hasClass('gform_validation_error')){jQuery('#gform_wrapper_13').addClass('gform_validation_error');} else {jQuery('#gform_wrapper_13').removeClass('gform_validation_error');}setTimeout( function() { \/* delay the scroll by 50 milliseconds to fix a bug in chrome *\/  }, 50 );if(window['gformInitDatepicker']) {gformInitDatepicker();}if(window['gformInitPriceFields']) {gformInitPriceFields();}var current_page = jQuery('#gform_source_page_number_13').val();gformInitSpinner( 13, 'https:\/\/cavalloisland.com\/wp-content\/plugins\/gravityforms\/images\/spinner.svg', true );jQuery(document).trigger('gform_page_loaded', [13, current_page]);window['gf_submitting_13'] = false;}else if(!is_redirect){var confirmation_content = jQuery(this).contents().find('.GF_AJAX_POSTBACK').html();if(!confirmation_content){confirmation_content = contents;}jQuery('#gform_wrapper_13').replaceWith(confirmation_content);jQuery(document).trigger('gform_confirmation_loaded', [13]);window['gf_submitting_13'] = false;wp.a11y.speak(jQuery('#gform_confirmation_message_13').text());}else{jQuery('#gform_13').append(contents);if(window['gformRedirect']) {gformRedirect();}}jQuery(document).trigger(\"gform_pre_post_render\", [{ formId: \"13\", currentPage: \"current_page\", abort: function() { this.preventDefault(); } }]);        if (event && event.defaultPrevented) {                return;        }        const gformWrapperDiv = document.getElementById( \"gform_wrapper_13\" );        if ( gformWrapperDiv ) {            const visibilitySpan = document.createElement( \"span\" );            visibilitySpan.id = \"gform_visibility_test_13\";            gformWrapperDiv.insertAdjacentElement( \"afterend\", visibilitySpan );        }        const visibilityTestDiv = document.getElementById( \"gform_visibility_test_13\" );        let postRenderFired = false;        function triggerPostRender() {            if ( postRenderFired ) {                return;            }            postRenderFired = true;            gform.core.triggerPostRenderEvents( 13, current_page );            if ( visibilityTestDiv ) {                visibilityTestDiv.parentNode.removeChild( visibilityTestDiv );            }        }        function debounce( func, wait, immediate ) {            var timeout;            return function() {                var context = this, args = arguments;                var later = function() {                    timeout = null;                    if ( !immediate ) func.apply( context, args );                };                var callNow = immediate && !timeout;                clearTimeout( timeout );                timeout = setTimeout( later, wait );                if ( callNow ) func.apply( context, args );            };        }        const debouncedTriggerPostRender = debounce( function() {            triggerPostRender();        }, 200 );        if ( visibilityTestDiv && visibilityTestDiv.offsetParent === null ) {            const observer = new MutationObserver( ( mutations ) => {                mutations.forEach( ( mutation ) => {                    if ( mutation.type === 'attributes' && visibilityTestDiv.offsetParent !== null ) {                        debouncedTriggerPostRender();                        observer.disconnect();                    }                });            });            observer.observe( document.body, {                attributes: true,                childList: false,                subtree: true,                attributeFilter: [ 'style', 'class' ],            });        } else {            triggerPostRender();        }    } );} );\n<\/script>\n\n","protected":false},"excerpt":{"rendered":"<p>vivez vos vacances de r\u00eave avec nous Contactez-nous Remplissez le formulaire de contact pour en savoir plus sur l&rsquo;\u00eele de Cavallo et notre offre: nous vous r\u00e9pondrons dans quelques heures.<\/p>\n","protected":false},"author":34,"featured_media":38190,"parent":0,"menu_order":0,"comment_status":"closed","ping_status":"closed","template":"elementor_header_footer","meta":{"_acf_changed":false,"footnotes":""},"class_list":["post-54127","page","type-page","status-publish","has-post-thumbnail","hentry"],"acf":[],"yoast_head":"<!-- This site is optimized with the Yoast SEO Premium plugin v26.7 (Yoast SEO v27.4) - https:\/\/yoast.com\/product\/yoast-seo-premium-wordpress\/ -->\n<title>Contactez-nous - Agence immobili\u00e8re \u00cele de Cavallo<\/title>\n<meta name=\"description\" content=\"Contactez-nous \u00e0 info@cavalloisland.com pour en savoir plus sur notre agence immobili\u00e8re \u00e0 \u00cele de Cavallo. Vivez vos vacances de r\u00eave avec nous!\" \/>\n<meta name=\"robots\" content=\"index, follow, max-snippet:-1, max-image-preview:large, max-video-preview:-1\" \/>\n<link rel=\"canonical\" href=\"https:\/\/cavalloisland.com\/fr\/contactez-nous\/\" \/>\n<meta property=\"og:locale\" content=\"fr_FR\" \/>\n<meta property=\"og:type\" content=\"article\" \/>\n<meta property=\"og:title\" content=\"Contactez-nous\" \/>\n<meta property=\"og:description\" content=\"Contactez-nous \u00e0 info@cavalloisland.com pour en savoir plus sur notre agence immobili\u00e8re \u00e0 \u00cele de Cavallo. Vivez vos vacances de r\u00eave avec nous!\" \/>\n<meta property=\"og:url\" content=\"https:\/\/cavalloisland.com\/fr\/contactez-nous\/\" \/>\n<meta property=\"og:site_name\" content=\"CavalloIsland\" \/>\n<meta property=\"article:modified_time\" content=\"2023-03-05T13:55:10+00:00\" \/>\n<meta property=\"og:image\" content=\"https:\/\/cavalloisland.com\/wp-content\/uploads\/2020\/10\/office-Cavallo-e1601840672422.jpeg\" \/>\n\t<meta property=\"og:image:width\" content=\"1600\" \/>\n\t<meta property=\"og:image:height\" content=\"1200\" \/>\n\t<meta property=\"og:image:type\" content=\"image\/jpeg\" \/>\n<script type=\"application\/ld+json\" class=\"yoast-schema-graph\">{\"@context\":\"https:\\\/\\\/schema.org\",\"@graph\":[{\"@type\":\"WebPage\",\"@id\":\"https:\\\/\\\/cavalloisland.com\\\/fr\\\/contactez-nous\\\/\",\"url\":\"https:\\\/\\\/cavalloisland.com\\\/fr\\\/contactez-nous\\\/\",\"name\":\"Contactez-nous - Agence immobili\u00e8re \u00cele de Cavallo\",\"isPartOf\":{\"@id\":\"https:\\\/\\\/cavalloisland.com\\\/fr\\\/#website\"},\"primaryImageOfPage\":{\"@id\":\"https:\\\/\\\/cavalloisland.com\\\/fr\\\/contactez-nous\\\/#primaryimage\"},\"image\":{\"@id\":\"https:\\\/\\\/cavalloisland.com\\\/fr\\\/contactez-nous\\\/#primaryimage\"},\"thumbnailUrl\":\"https:\\\/\\\/cavalloisland.com\\\/wp-content\\\/uploads\\\/2020\\\/10\\\/office-Cavallo-e1601840672422.jpeg\",\"datePublished\":\"2023-01-14T10:37:34+00:00\",\"dateModified\":\"2023-03-05T13:55:10+00:00\",\"description\":\"Contactez-nous \u00e0 info@cavalloisland.com pour en savoir plus sur notre agence immobili\u00e8re \u00e0 \u00cele de Cavallo. Vivez vos vacances de r\u00eave avec nous!\",\"breadcrumb\":{\"@id\":\"https:\\\/\\\/cavalloisland.com\\\/fr\\\/contactez-nous\\\/#breadcrumb\"},\"inLanguage\":\"fr-FR\",\"potentialAction\":[{\"@type\":\"ReadAction\",\"target\":[\"https:\\\/\\\/cavalloisland.com\\\/fr\\\/contactez-nous\\\/\"]}]},{\"@type\":\"ImageObject\",\"inLanguage\":\"fr-FR\",\"@id\":\"https:\\\/\\\/cavalloisland.com\\\/fr\\\/contactez-nous\\\/#primaryimage\",\"url\":\"https:\\\/\\\/cavalloisland.com\\\/wp-content\\\/uploads\\\/2020\\\/10\\\/office-Cavallo-e1601840672422.jpeg\",\"contentUrl\":\"https:\\\/\\\/cavalloisland.com\\\/wp-content\\\/uploads\\\/2020\\\/10\\\/office-Cavallo-e1601840672422.jpeg\",\"width\":800,\"height\":600},{\"@type\":\"BreadcrumbList\",\"@id\":\"https:\\\/\\\/cavalloisland.com\\\/fr\\\/contactez-nous\\\/#breadcrumb\",\"itemListElement\":[{\"@type\":\"ListItem\",\"position\":1,\"name\":\"Home\",\"item\":\"https:\\\/\\\/cavalloisland.com\\\/fr\\\/homepage\\\/\"},{\"@type\":\"ListItem\",\"position\":2,\"name\":\"Contactez-nous\"}]},{\"@type\":\"WebSite\",\"@id\":\"https:\\\/\\\/cavalloisland.com\\\/fr\\\/#website\",\"url\":\"https:\\\/\\\/cavalloisland.com\\\/fr\\\/\",\"name\":\"CavalloIsland\",\"description\":\"Choose Cavallo Island for your Luxury Holidays\",\"publisher\":{\"@id\":\"https:\\\/\\\/cavalloisland.com\\\/fr\\\/#organization\"},\"potentialAction\":[{\"@type\":\"SearchAction\",\"target\":{\"@type\":\"EntryPoint\",\"urlTemplate\":\"https:\\\/\\\/cavalloisland.com\\\/fr\\\/?s={search_term_string}\"},\"query-input\":{\"@type\":\"PropertyValueSpecification\",\"valueRequired\":true,\"valueName\":\"search_term_string\"}}],\"inLanguage\":\"fr-FR\"},{\"@type\":\"Organization\",\"@id\":\"https:\\\/\\\/cavalloisland.com\\\/fr\\\/#organization\",\"name\":\"Dm Consulting Srl\",\"url\":\"https:\\\/\\\/cavalloisland.com\\\/fr\\\/\",\"logo\":{\"@type\":\"ImageObject\",\"inLanguage\":\"fr-FR\",\"@id\":\"https:\\\/\\\/cavalloisland.com\\\/fr\\\/#\\\/schema\\\/logo\\\/image\\\/\",\"url\":\"\",\"contentUrl\":\"\",\"caption\":\"Dm Consulting Srl\"},\"image\":{\"@id\":\"https:\\\/\\\/cavalloisland.com\\\/fr\\\/#\\\/schema\\\/logo\\\/image\\\/\"}}]}<\/script>\n<!-- \/ Yoast SEO Premium plugin. -->","yoast_head_json":{"title":"Contactez-nous - Agence immobili\u00e8re \u00cele de Cavallo","description":"Contactez-nous \u00e0 info@cavalloisland.com pour en savoir plus sur notre agence immobili\u00e8re \u00e0 \u00cele de Cavallo. Vivez vos vacances de r\u00eave avec nous!","robots":{"index":"index","follow":"follow","max-snippet":"max-snippet:-1","max-image-preview":"max-image-preview:large","max-video-preview":"max-video-preview:-1"},"canonical":"https:\/\/cavalloisland.com\/fr\/contactez-nous\/","og_locale":"fr_FR","og_type":"article","og_title":"Contactez-nous","og_description":"Contactez-nous \u00e0 info@cavalloisland.com pour en savoir plus sur notre agence immobili\u00e8re \u00e0 \u00cele de Cavallo. Vivez vos vacances de r\u00eave avec nous!","og_url":"https:\/\/cavalloisland.com\/fr\/contactez-nous\/","og_site_name":"CavalloIsland","article_modified_time":"2023-03-05T13:55:10+00:00","og_image":[{"width":1600,"height":1200,"url":"https:\/\/cavalloisland.com\/wp-content\/uploads\/2020\/10\/office-Cavallo-e1601840672422.jpeg","type":"image\/jpeg"}],"schema":{"@context":"https:\/\/schema.org","@graph":[{"@type":"WebPage","@id":"https:\/\/cavalloisland.com\/fr\/contactez-nous\/","url":"https:\/\/cavalloisland.com\/fr\/contactez-nous\/","name":"Contactez-nous - Agence immobili\u00e8re \u00cele de Cavallo","isPartOf":{"@id":"https:\/\/cavalloisland.com\/fr\/#website"},"primaryImageOfPage":{"@id":"https:\/\/cavalloisland.com\/fr\/contactez-nous\/#primaryimage"},"image":{"@id":"https:\/\/cavalloisland.com\/fr\/contactez-nous\/#primaryimage"},"thumbnailUrl":"https:\/\/cavalloisland.com\/wp-content\/uploads\/2020\/10\/office-Cavallo-e1601840672422.jpeg","datePublished":"2023-01-14T10:37:34+00:00","dateModified":"2023-03-05T13:55:10+00:00","description":"Contactez-nous \u00e0 info@cavalloisland.com pour en savoir plus sur notre agence immobili\u00e8re \u00e0 \u00cele de Cavallo. Vivez vos vacances de r\u00eave avec nous!","breadcrumb":{"@id":"https:\/\/cavalloisland.com\/fr\/contactez-nous\/#breadcrumb"},"inLanguage":"fr-FR","potentialAction":[{"@type":"ReadAction","target":["https:\/\/cavalloisland.com\/fr\/contactez-nous\/"]}]},{"@type":"ImageObject","inLanguage":"fr-FR","@id":"https:\/\/cavalloisland.com\/fr\/contactez-nous\/#primaryimage","url":"https:\/\/cavalloisland.com\/wp-content\/uploads\/2020\/10\/office-Cavallo-e1601840672422.jpeg","contentUrl":"https:\/\/cavalloisland.com\/wp-content\/uploads\/2020\/10\/office-Cavallo-e1601840672422.jpeg","width":800,"height":600},{"@type":"BreadcrumbList","@id":"https:\/\/cavalloisland.com\/fr\/contactez-nous\/#breadcrumb","itemListElement":[{"@type":"ListItem","position":1,"name":"Home","item":"https:\/\/cavalloisland.com\/fr\/homepage\/"},{"@type":"ListItem","position":2,"name":"Contactez-nous"}]},{"@type":"WebSite","@id":"https:\/\/cavalloisland.com\/fr\/#website","url":"https:\/\/cavalloisland.com\/fr\/","name":"CavalloIsland","description":"Choose Cavallo Island for your Luxury Holidays","publisher":{"@id":"https:\/\/cavalloisland.com\/fr\/#organization"},"potentialAction":[{"@type":"SearchAction","target":{"@type":"EntryPoint","urlTemplate":"https:\/\/cavalloisland.com\/fr\/?s={search_term_string}"},"query-input":{"@type":"PropertyValueSpecification","valueRequired":true,"valueName":"search_term_string"}}],"inLanguage":"fr-FR"},{"@type":"Organization","@id":"https:\/\/cavalloisland.com\/fr\/#organization","name":"Dm Consulting Srl","url":"https:\/\/cavalloisland.com\/fr\/","logo":{"@type":"ImageObject","inLanguage":"fr-FR","@id":"https:\/\/cavalloisland.com\/fr\/#\/schema\/logo\/image\/","url":"","contentUrl":"","caption":"Dm Consulting Srl"},"image":{"@id":"https:\/\/cavalloisland.com\/fr\/#\/schema\/logo\/image\/"}}]}},"_links":{"self":[{"href":"https:\/\/cavalloisland.com\/fr\/wp-json\/wp\/v2\/pages\/54127","targetHints":{"allow":["GET"]}}],"collection":[{"href":"https:\/\/cavalloisland.com\/fr\/wp-json\/wp\/v2\/pages"}],"about":[{"href":"https:\/\/cavalloisland.com\/fr\/wp-json\/wp\/v2\/types\/page"}],"author":[{"embeddable":true,"href":"https:\/\/cavalloisland.com\/fr\/wp-json\/wp\/v2\/users\/34"}],"replies":[{"embeddable":true,"href":"https:\/\/cavalloisland.com\/fr\/wp-json\/wp\/v2\/comments?post=54127"}],"version-history":[{"count":2,"href":"https:\/\/cavalloisland.com\/fr\/wp-json\/wp\/v2\/pages\/54127\/revisions"}],"predecessor-version":[{"id":54334,"href":"https:\/\/cavalloisland.com\/fr\/wp-json\/wp\/v2\/pages\/54127\/revisions\/54334"}],"wp:featuredmedia":[{"embeddable":true,"href":"https:\/\/cavalloisland.com\/fr\/wp-json\/wp\/v2\/media\/38190"}],"wp:attachment":[{"href":"https:\/\/cavalloisland.com\/fr\/wp-json\/wp\/v2\/media?parent=54127"}],"curies":[{"name":"wp","href":"https:\/\/api.w.org\/{rel}","templated":true}]}}