{"id":32526,"date":"2018-05-11T14:34:24","date_gmt":"2018-05-11T13:34:24","guid":{"rendered":"https:\/\/cavalloisland.com\/termes-et-conditions\/"},"modified":"2023-03-04T14:55:41","modified_gmt":"2023-03-04T13:55:41","slug":"termes-et-conditions","status":"publish","type":"page","link":"https:\/\/cavalloisland.com\/fr\/termes-et-conditions\/","title":{"rendered":"Termes et conditions"},"content":{"rendered":"<p><strong>PRENOTAZIONE<\/strong><\/p>\n<p>a) La prenotazione entra in vigore e diventa vincolante al momento della conferma via email inviata dalla nostra Agenzia Immobiliare al cliente non appena di aver ricevuto il pagamento del deposito cauzionale. Il pagamento del deposito cauzionale deve essere effettuato tramite il bonifico bancario. La somma da versare a titolo di deposito cauzionale pari al 30% dell\u2019ammontare totale del prezzo di affitto;<\/p>\n<p>b) Il contratto di locazione dell&rsquo;appartamento scade automaticamente al termine del periodo concordato, in quanto ha lo scopo di soddisfare le esigenze abitative temporanee;<\/p>\n<p>c) Il sito Web della nostra Agenzia \u00e8 creato e gestito dal nostro staff per garantire che nessuna delle informazioni o delle descrizioni siano false o fuorvianti. La nostra Agenzia non pu\u00f2 essere ritenuta responsabile per qualsiasi modifica apportata all&rsquo;arredamento o allo stile di una propriet\u00e0 dopo che le immagini sono state pubblicate sul nostro sito Web o stampate sulle nostre brochure.<\/p>\n<p><strong>RECESSO O DISDETTA <\/strong><\/p>\n<p>Il cliente pu\u00f2 recedere dal contratto in qualsiasi momento scrivendo una richiesta formale. In tale caso, l\u2019Agenzia non rimborser\u00e0 l&rsquo;importo totale, ma il cliente non sar\u00e0 tenuto a versare il resto dell\u2019ammontare stipulato nel contratto dopo la sua richiesta scritta del recesso \u00e8 accettata. Inoltre, in caso di recesso dal contratto alla data concordata dell\u2019arrivo o durante il soggiorno, l&rsquo;importo totale non verr\u00e0 rimborsato. In ogni caso, il deposito cauzionale non \u00e8 rimborsabile, in quanto \u00e8 necessario per confermare la prenotazione (pertanto, anche in caso di mancato arrivo (no show), il deposito non sar\u00e0 rimborsato).<\/p>\n<p><strong>DEPOSITO CAUZIONALE<\/strong><\/p>\n<p>Il deposito deve necessariamente essere versato tramite bonifico bancario al proprietario dell\u2019immobile 10 giorni prima dell&rsquo;arrivo. Il deposito sar\u00e0 restituito tra 10 giorni successivi alla partenza in caso di adempimento delle obbligazioni specificate nella sezione \u00ab\u00a0Norme di comportamento\u00a0\u00bb. Il deposito \u00e8 destinato di coprire eventuali costi di danni derivanti da perdita di valore o uso improprio della propriet\u00e0.<\/p>\n<p><strong>ARRIVO E PARTENZA<\/strong><\/p>\n<p>a)\u00a0\u0421heck-in e check-out di solito sono effettuati sabato o domenica se l&rsquo;immobile \u00e8 affittato per una settimana.Per soggiorni superiori ai 10 giorni check in\/check-out possono essere organizzati in base alla necessit\u00e0 del cliente su richiesta preventiva.<\/p>\n<p>b)\u00a0 Il periodo minimo dell\u2019affitto \u00e8 una settimana;<\/p>\n<p>c) Il cliente \u00e8 tenuto ad arrivare dopo le 12:00 e partire prima del 10:30 salvo diverso accordo su richiesta preventiva del cliente ;<\/p>\n<p>La nostra Agenzia fornisce al cliente tutte le informazioni necessarie relative ai mezzi di trasporto disponibili per raggiungere l&rsquo;alloggio prescelto e, su richiesta del cliente, organizza il trasporto per raggiungere l&rsquo;isola.<\/p>\n<p><strong>NORME DI COMPORTAMENTO<\/strong><\/p>\n<p>a) All&rsquo;arrivo il cliente trover\u00e0 l&rsquo;alloggio ordinato e pulito. Il cliente si impegna a restituirlo nel medesimo stato in cui gli \u00e8 stato consegnato. Sar\u00e0 inoltre fornito di biancheria da letto, lenzuola, asciugamani e tutte le attrezzature necessarie per il soggiorno;<\/p>\n<p>b)La persona che firma il contratto di locazione \u00e8 responsabile del comportamento di tutti gli ospiti che occupano l\u2019appartamento.<\/p>\n<p>Nel caso uno o pi\u00f9 ospiti si comportino in maniera non accettabile o provochino dei danni alla propriet\u00e0, la nostra Agenzia pu\u00f2 chiedere il risarcimento per i danni subiti o di lasciare immediatamente l&rsquo;appartamento in affitto.<\/p>\n<p>Per mantenere l&rsquo;esclusivit\u00e0 e privacy dell\u2019isola gli ospiti sono tenuti a rispettare alcune regole generali.<\/p>\n<ol>\n<li>Su richiesta della autorit\u00e0 locale, gli ospiti devono identificarsi specificando il nome della propriet\u00e0 che stanno affittando; se tali informazioni non possono essere fornite, l&rsquo;accesso all&rsquo;isola verrebbe negato;<\/li>\n<li>Gli animali domestici sono ammessi, ma devono essere tenuti\u00a0 al guinzaglio per mantenere l\u2019ordine e l&rsquo;armonia e per non disturbare gli altri ospiti.<\/li>\n<li>Il stato naturale delle spiagge \u00e8 rispettato con attenzione, per questo \u00e8 vietato l\u2019utilizzo dei ombrelloni e lettini prendisole. Inoltre, non \u00e8 consentito fare\u00a0 dei picnic e fare un fal\u00f2;<\/li>\n<li>La tranquillit\u00e0 dovrebbe essere mantenuta: \u00e8 vietato fare dei rumori dopo le 24:00;<\/li>\n<li>\u00c8 vietato appendere i vestiti all&rsquo;aperto, tranne nel proprio alloggio.<\/li>\n<\/ol>\n<p><strong>IMPORTANTE<\/strong><\/p>\n<p>Potr\u00e0 essere negato l&rsquo;accesso all&rsquo;immobile al cliente nelle seguenti ipotesi:<\/p>\n<p>a) Mancato versamento del deposito cauzionale \/del canone di locazione<\/p>\n<p>b) Numero degli ospiti maggiore di quello previsto<\/p>\n<p>c) Animali domestici non dichiarati\/non autorizzati<\/p>\n<p><strong>PASSAPORTO E VISTO<\/strong><\/p>\n<p>I requisiti specifici per passaporto e visti ed altri requisiti in materia di immigrazione sono della responsabilit\u00e0 del cliente e devono essere verificati con le Ambasciate e \/ o i Consolati pertinenti. Non accettiamo alcuna responsabilit\u00e0 se il cliente non pu\u00f2 viaggiare perch\u00e9 non ha rispettato i requisiti relativi ai passaporto, visto o le legge sull&rsquo;immigrazione.<\/p>\n<p><strong>LA LEGGE APPLICABILE E GIURISDIZIONE<\/strong><\/p>\n<p>Presenti condizioni generali ed il contratto sono disciplinati dalla legge italiana e sono soggetti alla giurisdizione italiana.<\/p>\n","protected":false},"excerpt":{"rendered":"<p>PRENOTAZIONE a) La prenotazione entra in vigore e diventa vincolante al momento della conferma via email inviata dalla nostra Agenzia Immobiliare al cliente non appena di aver ricevuto il pagamento del deposito cauzionale. Il pagamento del deposito cauzionale deve essere effettuato tramite il bonifico bancario. La somma da versare a titolo di deposito cauzionale pari [&hellip;]<\/p>\n","protected":false},"author":1,"featured_media":0,"parent":0,"menu_order":0,"comment_status":"closed","ping_status":"closed","template":"","meta":{"_acf_changed":false,"footnotes":""},"class_list":["post-32526","page","type-page","status-publish","hentry"],"acf":[],"yoast_head":"<!-- This site is optimized with the Yoast SEO Premium plugin v26.7 (Yoast SEO v27.3) - https:\/\/yoast.com\/product\/yoast-seo-premium-wordpress\/ -->\n<title>Termes et conditions - CavalloIsland<\/title>\n<meta name=\"robots\" content=\"index, follow, max-snippet:-1, max-image-preview:large, max-video-preview:-1\" \/>\n<link rel=\"canonical\" href=\"https:\/\/cavalloisland.com\/fr\/termes-et-conditions\/\" \/>\n<meta property=\"og:locale\" content=\"fr_FR\" \/>\n<meta property=\"og:type\" content=\"article\" \/>\n<meta property=\"og:title\" content=\"Termes et conditions\" \/>\n<meta property=\"og:description\" content=\"PRENOTAZIONE a) La prenotazione entra in vigore e diventa vincolante al momento della conferma via email inviata dalla nostra Agenzia Immobiliare al cliente non appena di aver ricevuto il pagamento del deposito cauzionale. Il pagamento del deposito cauzionale deve essere effettuato tramite il bonifico bancario. La somma da versare a titolo di deposito cauzionale pari [&hellip;]\" \/>\n<meta property=\"og:url\" content=\"https:\/\/cavalloisland.com\/fr\/termes-et-conditions\/\" \/>\n<meta property=\"og:site_name\" content=\"CavalloIsland\" \/>\n<meta property=\"article:modified_time\" content=\"2023-03-04T13:55:41+00:00\" \/>\n<meta name=\"twitter:label1\" content=\"Dur\u00e9e de lecture estim\u00e9e\" \/>\n\t<meta name=\"twitter:data1\" content=\"4 minutes\" \/>\n<script type=\"application\/ld+json\" class=\"yoast-schema-graph\">{\"@context\":\"https:\\\/\\\/schema.org\",\"@graph\":[{\"@type\":\"WebPage\",\"@id\":\"https:\\\/\\\/cavalloisland.com\\\/fr\\\/termes-et-conditions\\\/\",\"url\":\"https:\\\/\\\/cavalloisland.com\\\/fr\\\/termes-et-conditions\\\/\",\"name\":\"Termes et conditions - CavalloIsland\",\"isPartOf\":{\"@id\":\"https:\\\/\\\/cavalloisland.com\\\/fr\\\/#website\"},\"datePublished\":\"2018-05-11T13:34:24+00:00\",\"dateModified\":\"2023-03-04T13:55:41+00:00\",\"breadcrumb\":{\"@id\":\"https:\\\/\\\/cavalloisland.com\\\/fr\\\/termes-et-conditions\\\/#breadcrumb\"},\"inLanguage\":\"fr-FR\",\"potentialAction\":[{\"@type\":\"ReadAction\",\"target\":[\"https:\\\/\\\/cavalloisland.com\\\/fr\\\/termes-et-conditions\\\/\"]}]},{\"@type\":\"BreadcrumbList\",\"@id\":\"https:\\\/\\\/cavalloisland.com\\\/fr\\\/termes-et-conditions\\\/#breadcrumb\",\"itemListElement\":[{\"@type\":\"ListItem\",\"position\":1,\"name\":\"Home\",\"item\":\"https:\\\/\\\/cavalloisland.com\\\/fr\\\/homepage\\\/\"},{\"@type\":\"ListItem\",\"position\":2,\"name\":\"Termes et conditions\"}]},{\"@type\":\"WebSite\",\"@id\":\"https:\\\/\\\/cavalloisland.com\\\/fr\\\/#website\",\"url\":\"https:\\\/\\\/cavalloisland.com\\\/fr\\\/\",\"name\":\"CavalloIsland\",\"description\":\"Choose Cavallo Island for your Luxury Holidays\",\"publisher\":{\"@id\":\"https:\\\/\\\/cavalloisland.com\\\/fr\\\/#organization\"},\"potentialAction\":[{\"@type\":\"SearchAction\",\"target\":{\"@type\":\"EntryPoint\",\"urlTemplate\":\"https:\\\/\\\/cavalloisland.com\\\/fr\\\/?s={search_term_string}\"},\"query-input\":{\"@type\":\"PropertyValueSpecification\",\"valueRequired\":true,\"valueName\":\"search_term_string\"}}],\"inLanguage\":\"fr-FR\"},{\"@type\":\"Organization\",\"@id\":\"https:\\\/\\\/cavalloisland.com\\\/fr\\\/#organization\",\"name\":\"Dm Consulting Srl\",\"url\":\"https:\\\/\\\/cavalloisland.com\\\/fr\\\/\",\"logo\":{\"@type\":\"ImageObject\",\"inLanguage\":\"fr-FR\",\"@id\":\"https:\\\/\\\/cavalloisland.com\\\/fr\\\/#\\\/schema\\\/logo\\\/image\\\/\",\"url\":\"\",\"contentUrl\":\"\",\"caption\":\"Dm Consulting Srl\"},\"image\":{\"@id\":\"https:\\\/\\\/cavalloisland.com\\\/fr\\\/#\\\/schema\\\/logo\\\/image\\\/\"}}]}<\/script>\n<!-- \/ Yoast SEO Premium plugin. -->","yoast_head_json":{"title":"Termes et conditions - CavalloIsland","robots":{"index":"index","follow":"follow","max-snippet":"max-snippet:-1","max-image-preview":"max-image-preview:large","max-video-preview":"max-video-preview:-1"},"canonical":"https:\/\/cavalloisland.com\/fr\/termes-et-conditions\/","og_locale":"fr_FR","og_type":"article","og_title":"Termes et conditions","og_description":"PRENOTAZIONE a) La prenotazione entra in vigore e diventa vincolante al momento della conferma via email inviata dalla nostra Agenzia Immobiliare al cliente non appena di aver ricevuto il pagamento del deposito cauzionale. Il pagamento del deposito cauzionale deve essere effettuato tramite il bonifico bancario. La somma da versare a titolo di deposito cauzionale pari [&hellip;]","og_url":"https:\/\/cavalloisland.com\/fr\/termes-et-conditions\/","og_site_name":"CavalloIsland","article_modified_time":"2023-03-04T13:55:41+00:00","twitter_misc":{"Dur\u00e9e de lecture estim\u00e9e":"4 minutes"},"schema":{"@context":"https:\/\/schema.org","@graph":[{"@type":"WebPage","@id":"https:\/\/cavalloisland.com\/fr\/termes-et-conditions\/","url":"https:\/\/cavalloisland.com\/fr\/termes-et-conditions\/","name":"Termes et conditions - CavalloIsland","isPartOf":{"@id":"https:\/\/cavalloisland.com\/fr\/#website"},"datePublished":"2018-05-11T13:34:24+00:00","dateModified":"2023-03-04T13:55:41+00:00","breadcrumb":{"@id":"https:\/\/cavalloisland.com\/fr\/termes-et-conditions\/#breadcrumb"},"inLanguage":"fr-FR","potentialAction":[{"@type":"ReadAction","target":["https:\/\/cavalloisland.com\/fr\/termes-et-conditions\/"]}]},{"@type":"BreadcrumbList","@id":"https:\/\/cavalloisland.com\/fr\/termes-et-conditions\/#breadcrumb","itemListElement":[{"@type":"ListItem","position":1,"name":"Home","item":"https:\/\/cavalloisland.com\/fr\/homepage\/"},{"@type":"ListItem","position":2,"name":"Termes et conditions"}]},{"@type":"WebSite","@id":"https:\/\/cavalloisland.com\/fr\/#website","url":"https:\/\/cavalloisland.com\/fr\/","name":"CavalloIsland","description":"Choose Cavallo Island for your Luxury Holidays","publisher":{"@id":"https:\/\/cavalloisland.com\/fr\/#organization"},"potentialAction":[{"@type":"SearchAction","target":{"@type":"EntryPoint","urlTemplate":"https:\/\/cavalloisland.com\/fr\/?s={search_term_string}"},"query-input":{"@type":"PropertyValueSpecification","valueRequired":true,"valueName":"search_term_string"}}],"inLanguage":"fr-FR"},{"@type":"Organization","@id":"https:\/\/cavalloisland.com\/fr\/#organization","name":"Dm Consulting Srl","url":"https:\/\/cavalloisland.com\/fr\/","logo":{"@type":"ImageObject","inLanguage":"fr-FR","@id":"https:\/\/cavalloisland.com\/fr\/#\/schema\/logo\/image\/","url":"","contentUrl":"","caption":"Dm Consulting Srl"},"image":{"@id":"https:\/\/cavalloisland.com\/fr\/#\/schema\/logo\/image\/"}}]}},"_links":{"self":[{"href":"https:\/\/cavalloisland.com\/fr\/wp-json\/wp\/v2\/pages\/32526","targetHints":{"allow":["GET"]}}],"collection":[{"href":"https:\/\/cavalloisland.com\/fr\/wp-json\/wp\/v2\/pages"}],"about":[{"href":"https:\/\/cavalloisland.com\/fr\/wp-json\/wp\/v2\/types\/page"}],"author":[{"embeddable":true,"href":"https:\/\/cavalloisland.com\/fr\/wp-json\/wp\/v2\/users\/1"}],"replies":[{"embeddable":true,"href":"https:\/\/cavalloisland.com\/fr\/wp-json\/wp\/v2\/comments?post=32526"}],"version-history":[{"count":16,"href":"https:\/\/cavalloisland.com\/fr\/wp-json\/wp\/v2\/pages\/32526\/revisions"}],"predecessor-version":[{"id":54187,"href":"https:\/\/cavalloisland.com\/fr\/wp-json\/wp\/v2\/pages\/32526\/revisions\/54187"}],"wp:attachment":[{"href":"https:\/\/cavalloisland.com\/fr\/wp-json\/wp\/v2\/media?parent=32526"}],"curies":[{"name":"wp","href":"https:\/\/api.w.org\/{rel}","templated":true}]}}